{"id":1803,"date":"2022-12-04T19:59:35","date_gmt":"2022-12-04T16:59:35","guid":{"rendered":"https:\/\/fitgor.co\/iletisim\/"},"modified":"2024-11-06T18:26:37","modified_gmt":"2024-11-06T15:26:37","slug":"iletisim","status":"publish","type":"page","link":"https:\/\/fitgor.co\/tr\/iletisim\/","title":{"rendered":"\u0130leti\u015fim"},"content":{"rendered":"<style>.kb-row-layout-id1029_4ef2c2-ce > .kt-row-column-wrap{align-content:start;}:where(.kb-row-layout-id1029_4ef2c2-ce > .kt-row-column-wrap) > .wp-block-kadence-column{justify-content:start;}.kb-row-layout-id1029_4ef2c2-ce > .kt-row-column-wrap{column-gap:var(--global-kb-gap-md, 2rem);row-gap:var(--global-kb-gap-md, 2rem);padding-top:var(--global-kb-spacing-lg, 3rem);padding-bottom:var(--global-kb-spacing-lg, 3rem);grid-template-columns:minmax(0, 1fr);}.kb-row-layout-id1029_4ef2c2-ce > .kt-row-layout-overlay{opacity:0.30;}@media all and (max-width: 1024px){.kb-row-layout-id1029_4ef2c2-ce > .kt-row-column-wrap{grid-template-columns:minmax(0, 1fr);}}@media all and (max-width: 767px){.kb-row-layout-id1029_4ef2c2-ce > .kt-row-column-wrap{grid-template-columns:minmax(0, 1fr);}}<\/style><div class=\"kb-row-layout-wrap kb-row-layout-id1029_4ef2c2-ce alignfull has-theme-palette8-background-color kt-row-has-bg wp-block-kadence-rowlayout\"><div class=\"kt-row-column-wrap kt-has-1-columns kt-row-layout-equal kt-tab-layout-inherit kt-mobile-layout-row kt-row-valign-top\">\n<style>.kadence-column1029_476f29-bb > .kt-inside-inner-col,.kadence-column1029_476f29-bb > .kt-inside-inner-col:before{border-top-left-radius:0px;border-top-right-radius:0px;border-bottom-right-radius:0px;border-bottom-left-radius:0px;}.kadence-column1029_476f29-bb > .kt-inside-inner-col{column-gap:var(--global-kb-gap-sm, 1rem);}.kadence-column1029_476f29-bb > .kt-inside-inner-col{flex-direction:column;}.kadence-column1029_476f29-bb > .kt-inside-inner-col > .aligncenter{width:100%;}.kadence-column1029_476f29-bb > .kt-inside-inner-col:before{opacity:0.3;}.kadence-column1029_476f29-bb{position:relative;}@media all and (max-width: 1024px){.kadence-column1029_476f29-bb > .kt-inside-inner-col{flex-direction:column;justify-content:center;}}@media all and (max-width: 767px){.kadence-column1029_476f29-bb > .kt-inside-inner-col{flex-direction:column;justify-content:center;}}<\/style>\n<div class=\"wp-block-kadence-column kadence-column1029_476f29-bb\"><div class=\"kt-inside-inner-col\"><style>.wp-block-kadence-advancedheading.kt-adv-heading1029_2ee961-9b, .wp-block-kadence-advancedheading.kt-adv-heading1029_2ee961-9b[data-kb-block=\"kb-adv-heading1029_2ee961-9b\"]{text-align:center;font-size:var(--global-kb-font-size-xl, 3rem);font-style:normal;}.wp-block-kadence-advancedheading.kt-adv-heading1029_2ee961-9b mark.kt-highlight, .wp-block-kadence-advancedheading.kt-adv-heading1029_2ee961-9b[data-kb-block=\"kb-adv-heading1029_2ee961-9b\"] mark.kt-highlight{font-style:normal;color:#f76a0c;-webkit-box-decoration-break:clone;box-decoration-break:clone;padding-top:0px;padding-right:0px;padding-bottom:0px;padding-left:0px;}.wp-block-kadence-advancedheading.kt-adv-heading1029_2ee961-9b img.kb-inline-image, .wp-block-kadence-advancedheading.kt-adv-heading1029_2ee961-9b[data-kb-block=\"kb-adv-heading1029_2ee961-9b\"] img.kb-inline-image{width:150px;vertical-align:baseline;}<\/style>\n<h1 class=\"kt-adv-heading1029_2ee961-9b wp-block-kadence-advancedheading\" data-kb-block=\"kb-adv-heading1029_2ee961-9b\">\u0130leti\u015fim<\/h1>\n<\/div><\/div>\n\n<\/div><\/div><style>.kb-row-layout-id1029_98b3c0-92 > .kt-row-column-wrap{align-content:start;}:where(.kb-row-layout-id1029_98b3c0-92 > .kt-row-column-wrap) > .wp-block-kadence-column{justify-content:start;}.kb-row-layout-id1029_98b3c0-92 > .kt-row-column-wrap{column-gap:var(--global-kb-gap-md, 2rem);row-gap:var(--global-kb-gap-md, 2rem);padding-top:0px;grid-template-columns:minmax(0, 1fr);}.kb-row-layout-id1029_98b3c0-92 > .kt-row-layout-overlay{opacity:0.30;}@media all and (max-width: 1024px){.kb-row-layout-id1029_98b3c0-92 > .kt-row-column-wrap{grid-template-columns:minmax(0, 1fr);}}@media all and (max-width: 767px){.kb-row-layout-id1029_98b3c0-92 > .kt-row-column-wrap{grid-template-columns:minmax(0, 1fr);}}<\/style><div class=\"kb-row-layout-wrap kb-row-layout-id1029_98b3c0-92 alignfull has-theme-palette8-background-color kt-row-has-bg wp-block-kadence-rowlayout\"><div class=\"kt-row-column-wrap kt-has-1-columns kt-row-layout-equal kt-tab-layout-inherit kt-mobile-layout-row kt-row-valign-top\">\n<style>.kadence-column1029_49ff70-58 > .kt-inside-inner-col{display:flex;}.kadence-column1029_49ff70-58 > .kt-inside-inner-col,.kadence-column1029_49ff70-58 > .kt-inside-inner-col:before{border-top-left-radius:0px;border-top-right-radius:0px;border-bottom-right-radius:0px;border-bottom-left-radius:0px;}.kadence-column1029_49ff70-58 > .kt-inside-inner-col{column-gap:var(--global-kb-gap-sm, 1rem);}.kadence-column1029_49ff70-58 > .kt-inside-inner-col{flex-direction:column;justify-content:flex-start;}.kadence-column1029_49ff70-58 > .kt-inside-inner-col > .aligncenter{width:100%;}.kt-row-column-wrap > .kadence-column1029_49ff70-58{align-self:flex-start;}.kt-inner-column-height-full:not(.kt-has-1-columns) > .wp-block-kadence-column.kadence-column1029_49ff70-58{align-self:auto;}.kt-inner-column-height-full:not(.kt-has-1-columns) > .wp-block-kadence-column.kadence-column1029_49ff70-58 > .kt-inside-inner-col{flex-direction:column;justify-content:flex-start;}.kadence-column1029_49ff70-58 > .kt-inside-inner-col:before{opacity:0.3;}.kadence-column1029_49ff70-58{position:relative;}@media all and (max-width: 1024px){.kt-row-column-wrap > .kadence-column1029_49ff70-58{align-self:flex-start;}}@media all and (max-width: 1024px){.kt-inner-column-height-full:not(.kt-has-1-columns) > .wp-block-kadence-column.kadence-column1029_49ff70-58{align-self:auto;}}@media all and (max-width: 1024px){.kt-inner-column-height-full:not(.kt-has-1-columns) > .wp-block-kadence-column.kadence-column1029_49ff70-58 > .kt-inside-inner-col{flex-direction:column;justify-content:flex-start;}}@media all and (max-width: 1024px){.kadence-column1029_49ff70-58 > .kt-inside-inner-col{flex-direction:column;justify-content:flex-start;}}@media all and (max-width: 767px){.kt-row-column-wrap > .kadence-column1029_49ff70-58{align-self:flex-start;}.kt-inner-column-height-full:not(.kt-has-1-columns) > .wp-block-kadence-column.kadence-column1029_49ff70-58{align-self:auto;}.kt-inner-column-height-full:not(.kt-has-1-columns) > .wp-block-kadence-column.kadence-column1029_49ff70-58 > .kt-inside-inner-col{flex-direction:column;justify-content:flex-start;}.kadence-column1029_49ff70-58 > .kt-inside-inner-col{flex-direction:column;justify-content:flex-start;}}<\/style>\n<div class=\"wp-block-kadence-column kadence-column1029_49ff70-58 inner-column-1\"><div class=\"kt-inside-inner-col\"><style>.kb-google-maps-container1029_cf6dd7-40{height:500px;margin-right:-23px;margin-left:-23px;padding-left:0px;}.kb-google-maps-container1029_cf6dd7-40{filter:grayscale(10%);}<\/style><div class=\"kb-google-maps-container kb-google-maps-container1029_cf6dd7-40  wp-block-kadence-googlemaps\" data-mapid=\"1029_cf6dd740\"><iframe width=\"100%\" height=\"100%\"\n\t\t\t\t\t\t\tstyle=\"border:0\" loading=\"lazy\"\n\t\t\t\t\t\t\tsrc=\"https:\/\/www.google.com\/maps\/embed\/v1\/place?key=AIzaSyBAM2o7PiQqwk15LC1XRH2e_KJ-jUa7KYk&#038;zoom=15&#038;maptype=roadmap&#038;q=Fitgor+inc\"\n\t\t\t\t\t\t\ttitle=\"Google map of Fitgor inc\"><\/iframe><\/div><script>function kb_google_map1029_cf6dd740() { let center = { lat: 37.8201, lng: -122.4781}; let map = new google.maps.Map(document.getElementById(\"kb-google-map1029_cf6dd740\"), {\n\t\t\t\t\t    zoom: 15,\n\t\t\t\t\t    center: center,});let marker = new google.maps.Marker({   position: { lat: 37.8201, lng: -122.4781},    map: map,  });}<\/script><\/div><\/div>\n\n<\/div><\/div><style>.kb-row-layout-id1029_9bb3e4-5b > .kt-row-column-wrap{align-content:start;}:where(.kb-row-layout-id1029_9bb3e4-5b > .kt-row-column-wrap) > .wp-block-kadence-column{justify-content:start;}.kb-row-layout-id1029_9bb3e4-5b > .kt-row-column-wrap{column-gap:var(--global-kb-gap-md, 2rem);row-gap:var(--global-kb-gap-md, 2rem);max-width:640px;margin-left:auto;margin-right:auto;padding-top:var(--global-kb-spacing-sm, 1.5rem);grid-template-columns:minmax(0, 1fr);}.kb-row-layout-id1029_9bb3e4-5b > .kt-row-layout-overlay{opacity:0.30;}@media all and (max-width: 1024px){.kb-row-layout-id1029_9bb3e4-5b > .kt-row-column-wrap{grid-template-columns:minmax(0, 1fr);}}@media all and (max-width: 767px){.kb-row-layout-id1029_9bb3e4-5b > .kt-row-column-wrap{grid-template-columns:minmax(0, 1fr);}}<\/style><div class=\"kb-row-layout-wrap kb-row-layout-id1029_9bb3e4-5b alignnone wp-block-kadence-rowlayout\"><div class=\"kt-row-column-wrap kt-has-1-columns kt-row-layout-equal kt-tab-layout-inherit kt-mobile-layout-row kt-row-valign-top\">\n<style>.kadence-column1029_2855c3-6b > .kt-inside-inner-col,.kadence-column1029_2855c3-6b > .kt-inside-inner-col:before{border-top-left-radius:0px;border-top-right-radius:0px;border-bottom-right-radius:0px;border-bottom-left-radius:0px;}.kadence-column1029_2855c3-6b > .kt-inside-inner-col{column-gap:var(--global-kb-gap-sm, 1rem);}.kadence-column1029_2855c3-6b > .kt-inside-inner-col{flex-direction:column;}.kadence-column1029_2855c3-6b > .kt-inside-inner-col > .aligncenter{width:100%;}.kadence-column1029_2855c3-6b > .kt-inside-inner-col:before{opacity:0.3;}.kadence-column1029_2855c3-6b{position:relative;}@media all and (max-width: 1024px){.kadence-column1029_2855c3-6b > .kt-inside-inner-col{flex-direction:column;justify-content:center;}}@media all and (max-width: 767px){.kadence-column1029_2855c3-6b > .kt-inside-inner-col{flex-direction:column;justify-content:center;}}<\/style>\n<div class=\"wp-block-kadence-column kadence-column1029_2855c3-6b\"><div class=\"kt-inside-inner-col\"><style>.kadence-form-1029_77cd00-0f .kb-form .kadence-blocks-form-field .kb-text-style-field, .kadence-form-1029_77cd00-0f .kb-form .kadence-blocks-form-field .kb-select-style-field{border-radius:6px;font-size:var(--global-kb-font-size-sm, 0.9rem);border-width:2px 2px 2px 2px;background:var(--global-palette9, #ffffff);border-color:#b5bec8;}.kadence-form-1029_77cd00-0f .kb-form .kadence-blocks-form-field > label{color:var(--global-palette4, #2D3748);font-size:1.2em;padding-top:0px;padding-right:0px;padding-bottom:5px;padding-left:0px;}.kadence-form-1029_77cd00-0f .kb-form .kadence-blocks-form-field .kb-forms-submit{color:var(--global-palette7, #EDF2F7);border-radius:6px;background:var(--global-palette1, #3182CE);}.kadence-form-1029_77cd00-0f .kb-form .kadence-blocks-form-field .kb-forms-submit:hover, .kadence-form-1029_77cd00-0f .kb-form .kadence-blocks-form-field .kb-forms-submit:focus {color:var(--global-palette9, #ffffff);background:var(--global-palette2, #2B6CB0);}.kadence-form-1029_77cd00-0f .kb-form .kadence-blocks-form-field .kb-forms-submit{padding-top:12px;padding-right:40px;padding-bottom:12px;padding-left:40px;}.kadence-form-1029_77cd00-0f .kb-form .kadence-blocks-form-field .kb-forms-submit{font-size:20px;}.kb-form input.kadence-blocks-field.verify{opacity:0.0;position:absolute;top:0.0;left:0.0;width:0.0;height:0.0;z-index:-1;}<\/style>\n<div class=\"wp-block-kadence-form kadence-form-1029_77cd00-0f kb-form-wrap\"><form class=\"kb-form\" action=\"\" method=\"post\"><div class=\"kadence-blocks-form-field kb-field-desk-width-100 kb-input-size-standard\"><label for=\"kb_field_1029_77cd00-0f_0\">Firma<\/label><input name=\"kb_field_0\" id=\"kb_field_1029_77cd00-0f_0\" data-label=\"Firma\" type=\"text\" placeholder=\"\" value=\"\" data-type=\"text\" class=\"kb-field kb-text-style-field kb-text-field kb-field-0\"\/><\/div><div class=\"kadence-blocks-form-field kb-form-field-1 kb-field-desk-width-100 kb-input-size-standard\"><label for=\"kb_field_1029_77cd00-0f_1\">Ad &#8211; Soyad<span class=\"required\">*<\/span><\/label><input name=\"kb_field_1\" id=\"kb_field_1029_77cd00-0f_1\" data-label=\"Ad - Soyad\" type=\"text\" placeholder=\"\" value=\"\" data-type=\"text\" class=\"kb-field kb-text-style-field kb-text-field kb-field-1\" data-required=\"yes\"\/><\/div><div class=\"kadence-blocks-form-field kb-form-field-2 kb-field-desk-width-100 kb-input-size-standard\"><label for=\"kb_field_1029_77cd00-0f_2\">Telefon<\/label><input name=\"kb_field_2\" id=\"kb_field_1029_77cd00-0f_2\" data-label=\"Telefon\" type=\"tel\" placeholder=\"\" value=\"\" data-type=\"tel\" class=\"kb-field kb-text-style-field kb-tel-field kb-field-2\"\/><\/div><div class=\"kadence-blocks-form-field kb-form-field-3 kb-field-desk-width-100 kb-input-size-standard\"><label for=\"kb_field_1029_77cd00-0f_3\">E-mail<span class=\"required\">*<\/span><\/label><input name=\"kb_field_3\" id=\"kb_field_1029_77cd00-0f_3\" data-label=\"E-mail\" type=\"email\" placeholder=\"\" value=\"\" data-type=\"email\" class=\"kb-field kb-text-style-field kb-email-field kb-field-3\" data-required=\"yes\"\/><\/div><div class=\"kadence-blocks-form-field kb-form-field-4 kb-field-desk-width-100 kb-input-size-standard\"><label for=\"kb_field_1029_77cd00-0f_4\">Adres<\/label><input name=\"kb_field_4\" id=\"kb_field_1029_77cd00-0f_4\" data-label=\"Adres\" type=\"text\" placeholder=\"\" value=\"\" data-type=\"text\" class=\"kb-field kb-text-style-field kb-text-field kb-field-4\"\/><\/div><div class=\"kadence-blocks-form-field kb-form-field-5 kb-field-desk-width-100 kb-input-size-standard\"><label for=\"kb_field_1029_77cd00-0f_5\">\u00dclke<span class=\"required\">*<\/span><\/label><input name=\"kb_field_5\" id=\"kb_field_1029_77cd00-0f_5\" data-label=\"&#xDC;lke\" type=\"text\" placeholder=\"\" value=\"\" data-type=\"text\" class=\"kb-field kb-text-style-field kb-text-field kb-field-5\" data-required=\"yes\"\/><\/div><div class=\"kadence-blocks-form-field kb-form-field-6 kb-field-desk-width-100 kb-input-size-standard\"><label for=\"kb_field_1029_77cd00-0f_6\">Posta Kodu<span class=\"required\">*<\/span><\/label><input name=\"kb_field_6\" id=\"kb_field_1029_77cd00-0f_6\" data-label=\"Posta Kodu\" type=\"text\" placeholder=\"\" value=\"\" data-type=\"text\" class=\"kb-field kb-text-style-field kb-text-field kb-field-6\" data-required=\"yes\"\/><\/div><div class=\"kadence-blocks-form-field kb-form-field-7 kb-field-desk-width-100 kb-input-size-standard\"><label for=\"kb_field_1029_77cd00-0f_7\">Mesaj\u0131n\u0131z<span class=\"required\">*<\/span><\/label><textarea name=\"kb_field_7\" id=\"kb_field_1029_77cd00-0f_7\" data-label=\"Mesaj&#x131;n&#x131;z\" type=\"textarea\" placeholder=\"\" data-type=\"textarea\" class=\"kb-field kb-text-style-field kb-textarea-field kb-field-7\" rows=\"10\" data-required=\"yes\"><\/textarea><\/div><div class=\"kadence-blocks-form-field kb-form-field-8 kb-field-desk-width-100 kb-input-size-standard kb-accept-form-field\"><input type=\"checkbox\" name=\"kb_field_8\" id=\"kb_field_1029_77cd00-0f_8\" class=\"kb-field kb-checkbox-style kb-accept\" value=\"kabul et\" data-type=\"accept\" data-required=\"yes\"\/><label for=\"kb_field_1029_77cd00-0f_8\">Bunu se\u00e7erek Gizlilik Politikam\u0131z\u0131 ve \u00c7erez Politikam\u0131z\u0131 kabul etmi\u015f olursunuz<span class=\"required\">*<\/span><\/label><\/div><input type=\"hidden\" name=\"_kb_form_id\" value=\"1029_77cd00-0f\"\/><input type=\"hidden\" name=\"_kb_form_post_id\" value=\"1803\"\/><input type=\"hidden\" name=\"action\" value=\"kb_process_ajax_submit\"\/><label class=\"kadence-verify-label\">Email<input class=\"kadence-blocks-field verify\" type=\"text\" name=\"_kb_verify_email\" autocomplete=\"new-password\" aria-hidden=\"true\" placeholder=\"Email\" tabindex=\"-1\" data-1p-ignore=\"true\" data-lpignore=\"true\" \/><\/label><div class=\"kadence-blocks-form-field kb-submit-field kb-field-desk-width-100\"><button class=\"kb-forms-submit button kb-button-size-custom kb-button-width-full\">\u0130leti\u015fime Ge\u00e7<\/button><\/div><\/form><\/div>\n<noscript><div class=\"kadence-blocks-form-message kadence-blocks-form-warning\">Please enable JavaScript in your browser to submit the form<\/div><style>.kadence-form-1029_77cd00-0f .kadence-blocks-form-field.kb-submit-field { display: none; }<\/style><\/noscript><\/div><\/div>\n\n<\/div><\/div>","protected":false},"excerpt":{"rendered":"<p>\u0130leti\u015fim<\/p>\n","protected":false},"author":1,"featured_media":0,"parent":0,"menu_order":0,"comment_status":"closed","ping_status":"closed","template":"","meta":{"_kad_blocks_custom_css":"","_kad_blocks_head_custom_js":"","_kad_blocks_body_custom_js":"","_kad_blocks_footer_custom_js":"","_themeisle_gutenberg_block_has_review":false,"_kad_post_transparent":"","_kad_post_title":"","_kad_post_layout":"","_kad_post_sidebar_id":"","_kad_post_content_style":"","_kad_post_vertical_padding":"","_kad_post_feature":"","_kad_post_feature_position":"","_kad_post_header":false,"_kad_post_footer":false,"_kad_post_classname":"","footnotes":""},"class_list":["post-1803","page","type-page","status-publish","hentry"],"taxonomy_info":[],"featured_image_src_large":false,"author_info":{"display_name":"tahaozel","author_link":"https:\/\/fitgor.co\/tr\/author\/tahaozel\/"},"comment_info":0,"_links":{"self":[{"href":"https:\/\/fitgor.co\/tr\/wp-json\/wp\/v2\/pages\/1803","targetHints":{"allow":["GET"]}}],"collection":[{"href":"https:\/\/fitgor.co\/tr\/wp-json\/wp\/v2\/pages"}],"about":[{"href":"https:\/\/fitgor.co\/tr\/wp-json\/wp\/v2\/types\/page"}],"author":[{"embeddable":true,"href":"https:\/\/fitgor.co\/tr\/wp-json\/wp\/v2\/users\/1"}],"replies":[{"embeddable":true,"href":"https:\/\/fitgor.co\/tr\/wp-json\/wp\/v2\/comments?post=1803"}],"version-history":[{"count":1,"href":"https:\/\/fitgor.co\/tr\/wp-json\/wp\/v2\/pages\/1803\/revisions"}],"predecessor-version":[{"id":1804,"href":"https:\/\/fitgor.co\/tr\/wp-json\/wp\/v2\/pages\/1803\/revisions\/1804"}],"wp:attachment":[{"href":"https:\/\/fitgor.co\/tr\/wp-json\/wp\/v2\/media?parent=1803"}],"curies":[{"name":"wp","href":"https:\/\/api.w.org\/{rel}","templated":true}]}}